{"id":762,"date":"2025-08-07T09:31:31","date_gmt":"2025-08-07T09:31:31","guid":{"rendered":"https:\/\/lightseagreen-crab-767435.hostingersite.com\/?page_id=762"},"modified":"2025-08-13T13:25:58","modified_gmt":"2025-08-13T13:25:58","slug":"impressum","status":"publish","type":"page","link":"https:\/\/ecg-wartenberg.de\/de\/impressum\/","title":{"rendered":"Impressum"},"content":{"rendered":"<div data-elementor-type=\"wp-page\" data-elementor-id=\"762\" class=\"elementor elementor-762\" data-elementor-post-type=\"page\">\n\t\t\t\t\t\t<section class=\"elementor-section elementor-top-section elementor-element elementor-element-bde1794 elementor-section-full_width elementor-section-height-default elementor-section-height-default\" data-id=\"bde1794\" data-element_type=\"section\" data-settings=\"{&quot;background_background&quot;:&quot;classic&quot;}\">\n\t\t\t\t\t\t<div class=\"elementor-container elementor-column-gap-no\">\n\t\t\t\t\t<div class=\"elementor-column elementor-col-100 elementor-top-column elementor-element elementor-element-a3ca3a3\" data-id=\"a3ca3a3\" data-element_type=\"column\">\n\t\t\t<div class=\"elementor-widget-wrap elementor-element-populated\">\n\t\t\t\t\t\t<div class=\"elementor-element elementor-element-9424fb5 elementor-widget elementor-widget-heading\" data-id=\"9424fb5\" data-element_type=\"widget\" data-widget_type=\"heading.default\">\n\t\t\t\t<div class=\"elementor-widget-container\">\n\t\t\t\t\t<h2 class=\"elementor-heading-title elementor-size-default\">IMPRESSUM<\/h2>\t\t\t\t<\/div>\n\t\t\t\t<\/div>\n\t\t\t\t\t<\/div>\n\t\t<\/div>\n\t\t\t\t\t<\/div>\n\t\t<\/section>\n\t\t\t\t<section class=\"elementor-section elementor-top-section elementor-element elementor-element-d8096e9 elementor-section-boxed elementor-section-height-default elementor-section-height-default\" data-id=\"d8096e9\" data-element_type=\"section\">\n\t\t\t\t\t\t<div class=\"elementor-container elementor-column-gap-default\">\n\t\t\t\t\t<div class=\"elementor-column elementor-col-100 elementor-top-column elementor-element elementor-element-facde75\" data-id=\"facde75\" data-element_type=\"column\">\n\t\t\t<div class=\"elementor-widget-wrap elementor-element-populated\">\n\t\t\t\t\t\t<div class=\"elementor-element elementor-element-c177c2c elementor-widget elementor-widget-text-editor\" data-id=\"c177c2c\" data-element_type=\"widget\" data-widget_type=\"text-editor.default\">\n\t\t\t\t<div class=\"elementor-widget-container\">\n\t\t\t\t\t\t\t\t\t<p>Alle hier verwendeten Namen, Begriffe, Zeichen und Grafiken k\u00f6nnen Marken- oder Warenzeichen im Besitze ihrer rechtlichen Eigent\u00fcmer sein. Die Rechte aller erw\u00e4hnten und benutzten Marken- und Warenzeichen liegen ausschlie\u00dflich bei deren Besitzern.<\/p><blockquote><p>Evangeliums-Christengemeinde Berlin\u00a0 Wartenberg e. V.<br \/>Viktor Lichtenberg<br \/>Wustrower Str 52<br \/>13051 Berlin Germany<br \/>030\/96062626<br \/>info@ecg-wartenberg.de<\/p><\/blockquote><p><strong>Bankverbindung Bank:<\/strong><br \/>Bank f\u00fcr Sozialwirtschaft<br \/>IBAN: DE55 3702 0500 0020 1835 81<br \/>BIC: BFSWDE33XXX<\/p><p><strong>Rechtliche Angaben<\/strong><\/p><p>Vertretungsberechtigt:<br \/>1.Vorsitzender: Viktor Lichtenberg<br \/>2. Vorsitzender: Alfred Lichtenberg<br \/>Gesch\u00e4ftsf\u00fchrer: Albert Khaertdinov<\/p><p>Registergericht: Amtsgericht Berlin-Charlottenburg<br \/>Registernummer: VR 40992 B<\/p><p>Technische Angaben<br \/>Technisch Verantwortlicher: Albert Khaertdinov<br \/>Bildquellen und \u2013rechte: ECG-Berlin Wartenberg<\/p>\t\t\t\t\t\t\t\t<\/div>\n\t\t\t\t<\/div>\n\t\t\t\t\t<\/div>\n\t\t<\/div>\n\t\t\t\t\t<\/div>\n\t\t<\/section>\n\t\t\t\t<\/div>","protected":false},"excerpt":{"rendered":"<p>IMPRESSUM Alle hier verwendeten Namen, Begriffe, Zeichen und Grafiken k\u00f6nnen Marken- oder Warenzeichen im Besitze ihrer rechtlichen Eigent\u00fcmer sein. Die [&hellip;]<\/p>","protected":false},"author":3,"featured_media":0,"parent":0,"menu_order":0,"comment_status":"closed","ping_status":"closed","template":"","meta":{"site-sidebar-layout":"no-sidebar","site-content-layout":"","ast-site-content-layout":"full-width-container","site-content-style":"default","site-sidebar-style":"default","ast-global-header-display":"","ast-banner-title-visibility":"disabled","ast-main-header-display":"disabled","ast-hfb-above-header-display":"","ast-hfb-below-header-display":"","ast-hfb-mobile-header-display":"disabled","site-post-title":"disabled","ast-breadcrumbs-content":"disabled","ast-featured-img":"disabled","footer-sml-layout":"disabled","theme-transparent-header-meta":"default","adv-header-id-meta":"","stick-header-meta":"","header-above-stick-meta":"","header-main-stick-meta":"","header-below-stick-meta":"","astra-migrate-meta-layouts":"set","ast-page-background-enabled":"default","ast-page-background-meta":{"desktop":{"background-color":"var(--ast-global-color-5)","background-image":"","background-repeat":"repeat","background-position":"center center","background-size":"auto","background-attachment":"scroll","background-type":"","background-media":"","overlay-type":"","overlay-color":"","overlay-opacity":"","overlay-gradient":""},"tablet":{"background-color":"","background-image":"","background-repeat":"repeat","background-position":"center center","background-size":"auto","background-attachment":"scroll","background-type":"","background-media":"","overlay-type":"","overlay-color":"","overlay-opacity":"","overlay-gradient":""},"mobile":{"background-color":"","background-image":"","background-repeat":"repeat","background-position":"center center","background-size":"auto","background-attachment":"scroll","background-type":"","background-media":"","overlay-type":"","overlay-color":"","overlay-opacity":"","overlay-gradient":""}},"ast-content-background-meta":{"desktop":{"background-color":"var(--ast-global-color-4)","background-image":"","background-repeat":"repeat","background-position":"center center","background-size":"auto","background-attachment":"scroll","background-type":"","background-media":"","overlay-type":"","overlay-color":"","overlay-opacity":"","overlay-gradient":""},"tablet":{"background-color":"var(--ast-global-color-4)","background-image":"","background-repeat":"repeat","background-position":"center center","background-size":"auto","background-attachment":"scroll","background-type":"","background-media":"","overlay-type":"","overlay-color":"","overlay-opacity":"","overlay-gradient":""},"mobile":{"background-color":"var(--ast-global-color-4)","background-image":"","background-repeat":"repeat","background-position":"center center","background-size":"auto","background-attachment":"scroll","background-type":"","background-media":"","overlay-type":"","overlay-color":"","overlay-opacity":"","overlay-gradient":""}},"footnotes":""},"class_list":["post-762","page","type-page","status-publish","hentry"],"yoast_head":"<!-- This site is optimized with the Yoast SEO plugin v26.3 - https:\/\/yoast.com\/wordpress\/plugins\/seo\/ -->\n<title>Impressum - ECG Wartenberg | \u0411\u0438\u0431\u043b\u0435\u0439\u0441\u043a\u0430\u044f \u0426\u0435\u0440\u043a\u043e\u0432\u044c \u0432 \u0411\u0435\u0440\u043b\u0438\u043d\u0435<\/title>\n<meta name=\"description\" content=\"\u0411\u043e\u0433\u043e\u0441\u043b\u0443\u0436\u0435\u043d\u0438\u044f \u043f\u0440\u043e\u0445\u043e\u0434\u044f\u0442 \u043a\u0430\u0436\u0434\u043e\u0435 \u0432\u043e\u0441\u043a\u0440\u0435\u0441\u0435\u043d\u044c\u0435 \u0432 10:00 \u043f\u043e \u0430\u0434\u0440\u0435\u0441\u0443 Wustrower Str. 52, 13051 Berlin.\" \/>\n<meta name=\"robots\" content=\"index, follow, max-snippet:-1, max-image-preview:large, max-video-preview:-1\" \/>\n<link rel=\"canonical\" href=\"https:\/\/ecg-wartenberg.de\/de\/impressum\/\" \/>\n<meta property=\"og:locale\" content=\"de_DE\" \/>\n<meta property=\"og:type\" content=\"article\" \/>\n<meta property=\"og:title\" content=\"Impressum - ECG Wartenberg | \u0411\u0438\u0431\u043b\u0435\u0439\u0441\u043a\u0430\u044f \u0426\u0435\u0440\u043a\u043e\u0432\u044c \u0432 \u0411\u0435\u0440\u043b\u0438\u043d\u0435\" \/>\n<meta property=\"og:description\" content=\"\u0411\u043e\u0433\u043e\u0441\u043b\u0443\u0436\u0435\u043d\u0438\u044f \u043f\u0440\u043e\u0445\u043e\u0434\u044f\u0442 \u043a\u0430\u0436\u0434\u043e\u0435 \u0432\u043e\u0441\u043a\u0440\u0435\u0441\u0435\u043d\u044c\u0435 \u0432 10:00 \u043f\u043e \u0430\u0434\u0440\u0435\u0441\u0443 Wustrower Str. 52, 13051 Berlin.\" \/>\n<meta property=\"og:url\" content=\"https:\/\/ecg-wartenberg.de\/de\/impressum\/\" \/>\n<meta property=\"og:site_name\" content=\"ECG Wartenberg | \u0411\u0438\u0431\u043b\u0435\u0439\u0441\u043a\u0430\u044f \u0426\u0435\u0440\u043a\u043e\u0432\u044c \u0432 \u0411\u0435\u0440\u043b\u0438\u043d\u0435\" \/>\n<meta property=\"article:modified_time\" content=\"2025-08-13T13:25:58+00:00\" \/>\n<meta name=\"twitter:card\" content=\"summary_large_image\" \/>\n<meta name=\"twitter:label1\" content=\"Gesch\u00e4tzte Lesezeit\" \/>\n\t<meta name=\"twitter:data1\" content=\"1\u00a0Minute\" \/>\n<script type=\"application\/ld+json\" class=\"yoast-schema-graph\">{\"@context\":\"https:\/\/schema.org\",\"@graph\":[{\"@type\":\"WebPage\",\"@id\":\"https:\/\/ecg-wartenberg.de\/impressum\/\",\"url\":\"https:\/\/ecg-wartenberg.de\/impressum\/\",\"name\":\"Impressum - ECG Wartenberg | \u0411\u0438\u0431\u043b\u0435\u0439\u0441\u043a\u0430\u044f \u0426\u0435\u0440\u043a\u043e\u0432\u044c \u0432 \u0411\u0435\u0440\u043b\u0438\u043d\u0435\",\"isPartOf\":{\"@id\":\"https:\/\/ecg-wartenberg.de\/#website\"},\"datePublished\":\"2025-08-07T09:31:31+00:00\",\"dateModified\":\"2025-08-13T13:25:58+00:00\",\"description\":\"\u0411\u043e\u0433\u043e\u0441\u043b\u0443\u0436\u0435\u043d\u0438\u044f \u043f\u0440\u043e\u0445\u043e\u0434\u044f\u0442 \u043a\u0430\u0436\u0434\u043e\u0435 \u0432\u043e\u0441\u043a\u0440\u0435\u0441\u0435\u043d\u044c\u0435 \u0432 10:00 \u043f\u043e \u0430\u0434\u0440\u0435\u0441\u0443 Wustrower Str. 52, 13051 Berlin.\",\"breadcrumb\":{\"@id\":\"https:\/\/ecg-wartenberg.de\/impressum\/#breadcrumb\"},\"inLanguage\":\"de\",\"potentialAction\":[{\"@type\":\"ReadAction\",\"target\":[\"https:\/\/ecg-wartenberg.de\/impressum\/\"]}]},{\"@type\":\"BreadcrumbList\",\"@id\":\"https:\/\/ecg-wartenberg.de\/impressum\/#breadcrumb\",\"itemListElement\":[{\"@type\":\"ListItem\",\"position\":1,\"name\":\"Home\",\"item\":\"https:\/\/ecg-wartenberg.de\/\"},{\"@type\":\"ListItem\",\"position\":2,\"name\":\"Impressum\"}]},{\"@type\":\"WebSite\",\"@id\":\"https:\/\/ecg-wartenberg.de\/#website\",\"url\":\"https:\/\/ecg-wartenberg.de\/\",\"name\":\"ECG Wartenberg | \u0411\u0438\u0431\u043b\u0435\u0439\u0441\u043a\u0430\u044f \u0426\u0435\u0440\u043a\u043e\u0432\u044c \u0432 \u0411\u0435\u0440\u043b\u0438\u043d\u0435\",\"description\":\"\",\"potentialAction\":[{\"@type\":\"SearchAction\",\"target\":{\"@type\":\"EntryPoint\",\"urlTemplate\":\"https:\/\/ecg-wartenberg.de\/?s={search_term_string}\"},\"query-input\":{\"@type\":\"PropertyValueSpecification\",\"valueRequired\":true,\"valueName\":\"search_term_string\"}}],\"inLanguage\":\"de\"}]}<\/script>\n<!-- \/ Yoast SEO plugin. -->","yoast_head_json":{"title":"Impressum - ECG Wartenberg | \u0411\u0438\u0431\u043b\u0435\u0439\u0441\u043a\u0430\u044f \u0426\u0435\u0440\u043a\u043e\u0432\u044c \u0432 \u0411\u0435\u0440\u043b\u0438\u043d\u0435","description":"\u0411\u043e\u0433\u043e\u0441\u043b\u0443\u0436\u0435\u043d\u0438\u044f \u043f\u0440\u043e\u0445\u043e\u0434\u044f\u0442 \u043a\u0430\u0436\u0434\u043e\u0435 \u0432\u043e\u0441\u043a\u0440\u0435\u0441\u0435\u043d\u044c\u0435 \u0432 10:00 \u043f\u043e \u0430\u0434\u0440\u0435\u0441\u0443 Wustrower Str. 52, 13051 Berlin.","robots":{"index":"index","follow":"follow","max-snippet":"max-snippet:-1","max-image-preview":"max-image-preview:large","max-video-preview":"max-video-preview:-1"},"canonical":"https:\/\/ecg-wartenberg.de\/de\/impressum\/","og_locale":"de_DE","og_type":"article","og_title":"Impressum - ECG Wartenberg | \u0411\u0438\u0431\u043b\u0435\u0439\u0441\u043a\u0430\u044f \u0426\u0435\u0440\u043a\u043e\u0432\u044c \u0432 \u0411\u0435\u0440\u043b\u0438\u043d\u0435","og_description":"\u0411\u043e\u0433\u043e\u0441\u043b\u0443\u0436\u0435\u043d\u0438\u044f \u043f\u0440\u043e\u0445\u043e\u0434\u044f\u0442 \u043a\u0430\u0436\u0434\u043e\u0435 \u0432\u043e\u0441\u043a\u0440\u0435\u0441\u0435\u043d\u044c\u0435 \u0432 10:00 \u043f\u043e \u0430\u0434\u0440\u0435\u0441\u0443 Wustrower Str. 52, 13051 Berlin.","og_url":"https:\/\/ecg-wartenberg.de\/de\/impressum\/","og_site_name":"ECG Wartenberg | \u0411\u0438\u0431\u043b\u0435\u0439\u0441\u043a\u0430\u044f \u0426\u0435\u0440\u043a\u043e\u0432\u044c \u0432 \u0411\u0435\u0440\u043b\u0438\u043d\u0435","article_modified_time":"2025-08-13T13:25:58+00:00","twitter_card":"summary_large_image","twitter_misc":{"Gesch\u00e4tzte Lesezeit":"1\u00a0Minute"},"schema":{"@context":"https:\/\/schema.org","@graph":[{"@type":"WebPage","@id":"https:\/\/ecg-wartenberg.de\/impressum\/","url":"https:\/\/ecg-wartenberg.de\/impressum\/","name":"Impressum - ECG Wartenberg | \u0411\u0438\u0431\u043b\u0435\u0439\u0441\u043a\u0430\u044f \u0426\u0435\u0440\u043a\u043e\u0432\u044c \u0432 \u0411\u0435\u0440\u043b\u0438\u043d\u0435","isPartOf":{"@id":"https:\/\/ecg-wartenberg.de\/#website"},"datePublished":"2025-08-07T09:31:31+00:00","dateModified":"2025-08-13T13:25:58+00:00","description":"\u0411\u043e\u0433\u043e\u0441\u043b\u0443\u0436\u0435\u043d\u0438\u044f \u043f\u0440\u043e\u0445\u043e\u0434\u044f\u0442 \u043a\u0430\u0436\u0434\u043e\u0435 \u0432\u043e\u0441\u043a\u0440\u0435\u0441\u0435\u043d\u044c\u0435 \u0432 10:00 \u043f\u043e \u0430\u0434\u0440\u0435\u0441\u0443 Wustrower Str. 52, 13051 Berlin.","breadcrumb":{"@id":"https:\/\/ecg-wartenberg.de\/impressum\/#breadcrumb"},"inLanguage":"de","potentialAction":[{"@type":"ReadAction","target":["https:\/\/ecg-wartenberg.de\/impressum\/"]}]},{"@type":"BreadcrumbList","@id":"https:\/\/ecg-wartenberg.de\/impressum\/#breadcrumb","itemListElement":[{"@type":"ListItem","position":1,"name":"Home","item":"https:\/\/ecg-wartenberg.de\/"},{"@type":"ListItem","position":2,"name":"Impressum"}]},{"@type":"WebSite","@id":"https:\/\/ecg-wartenberg.de\/#website","url":"https:\/\/ecg-wartenberg.de\/","name":"ECG Wartenberg | \u0411\u0438\u0431\u043b\u0435\u0439\u0441\u043a\u0430\u044f \u0426\u0435\u0440\u043a\u043e\u0432\u044c \u0432 \u0411\u0435\u0440\u043b\u0438\u043d\u0435","description":"","potentialAction":[{"@type":"SearchAction","target":{"@type":"EntryPoint","urlTemplate":"https:\/\/ecg-wartenberg.de\/?s={search_term_string}"},"query-input":{"@type":"PropertyValueSpecification","valueRequired":true,"valueName":"search_term_string"}}],"inLanguage":"de"}]}},"_links":{"self":[{"href":"https:\/\/ecg-wartenberg.de\/de\/wp-json\/wp\/v2\/pages\/762","targetHints":{"allow":["GET"]}}],"collection":[{"href":"https:\/\/ecg-wartenberg.de\/de\/wp-json\/wp\/v2\/pages"}],"about":[{"href":"https:\/\/ecg-wartenberg.de\/de\/wp-json\/wp\/v2\/types\/page"}],"author":[{"embeddable":true,"href":"https:\/\/ecg-wartenberg.de\/de\/wp-json\/wp\/v2\/users\/3"}],"replies":[{"embeddable":true,"href":"https:\/\/ecg-wartenberg.de\/de\/wp-json\/wp\/v2\/comments?post=762"}],"version-history":[{"count":10,"href":"https:\/\/ecg-wartenberg.de\/de\/wp-json\/wp\/v2\/pages\/762\/revisions"}],"predecessor-version":[{"id":1385,"href":"https:\/\/ecg-wartenberg.de\/de\/wp-json\/wp\/v2\/pages\/762\/revisions\/1385"}],"wp:attachment":[{"href":"https:\/\/ecg-wartenberg.de\/de\/wp-json\/wp\/v2\/media?parent=762"}],"curies":[{"name":"wp","href":"https:\/\/api.w.org\/{rel}","templated":true}]}}